{"id":1713,"date":"2020-04-02T21:12:56","date_gmt":"2020-04-02T21:12:56","guid":{"rendered":"https:\/\/www.more4floors.com\/produit\/durastripe-tetes-de-fleches\/"},"modified":"2025-03-09T19:05:15","modified_gmt":"2025-03-09T23:05:15","slug":"durastripe-shapes-arrow-heads","status":"publish","type":"product","link":"https:\/\/www.more4floors.com\/en\/produit\/durastripe-shapes-arrow-heads\/","title":{"rendered":"DuraStripe Shapes Arrow Heads"},"content":{"rendered":"<p>Easy, Efficient, Economical: the perfect choice for lines and shapes for ground marking. An excellent product in the presence of imperfect floors (used, porous) where oil or water spills can occur as well as the passage of forklifts. Versatile version available in that it combines durability and surface conformability to work in the widest range of installations with the widest range of flooring conditions.<\/p>\n<p>Choose from the types of DuraStripe available in below:<\/p>\n<p><strong>Supreme V<\/strong>\u00a0is the 5th generation of the original DuraStripe. It is the most versatile version available in that it combines durability and surface conformability to work in the broadest range of facilities with the broadest range of flooring conditions.<\/p>\n<p><strong>Mean Lean<\/strong>\u00a0combines a measure of the low friction surface of Xtreme with a measure of the conformability of Supreme V to provide an economical DuraStripe option for appropriate environments.<\/p>\n<p><strong>Xtreme<\/strong>\u00a0is hard surfaced, low friction striping material for new, smooth floors. Hard beveled edges help protect from pushed or dragged pallets, and shiny surface resists damage from turning and spinning wheels.<\/p>\n<p><strong>Lean Stripe<\/strong> is our lowest profile of all our floor marking solutions; creating a smooth transition and minimizes side impacts to the tape itself, resulting in a longer life span.<\/p>\n","protected":false},"excerpt":{"rendered":"<p>Easy, Efficient, Economical: the perfect choice for lines and shapes for ground marking. An excellent product in the presence of imperfect floors (used, porous) where oil or water spills can occur as well as the passage of forklifts. Versatile version available in that it combines durability and surface conformability to work in the widest range [&hellip;]<\/p>\n","protected":false},"featured_media":907,"template":"","meta":{"_acf_changed":false,"_genesis_hide_title":false,"_genesis_hide_breadcrumbs":false,"_genesis_hide_singular_image":false,"_genesis_hide_footer_widgets":false,"_genesis_custom_body_class":"","_genesis_custom_post_class":"","_genesis_layout":""},"product_brand":[],"product_cat":[82,80],"product_tag":[],"class_list":{"0":"post-1713","1":"product","2":"type-product","3":"status-publish","4":"has-post-thumbnail","6":"product_cat-durastripe-arrows","7":"product_cat-tools-identifiers-5s","8":"entry","10":"first","11":"instock","12":"taxable","13":"shipping-taxable","14":"purchasable","15":"product-type-variable"},"acf":[],"yoast_head":"<!-- This site is optimized with the Yoast SEO plugin v26.8 - https:\/\/yoast.com\/product\/yoast-seo-wordpress\/ -->\n<title>DuraStripe Shapes Arrow Heads - More4Floors<\/title>\n<meta name=\"description\" content=\"DuraStripe Shapes Arrow Heads are an ideal choice for marking floors and improving operator workflow. Check out their price in our store. Visit our website!\" \/>\n<meta name=\"robots\" content=\"index, follow, max-snippet:-1, max-image-preview:large, max-video-preview:-1\" \/>\n<link rel=\"canonical\" href=\"https:\/\/www.more4floors.com\/en\/produit\/durastripe-shapes-arrow-heads\/\" \/>\n<meta property=\"og:locale\" content=\"en_US\" \/>\n<meta property=\"og:type\" content=\"article\" \/>\n<meta property=\"og:title\" content=\"DuraStripe Shapes Arrow Heads - More4Floors\" \/>\n<meta property=\"og:description\" content=\"DuraStripe Shapes Arrow Heads are an ideal choice for marking floors and improving operator workflow. Check out their price in our store. Visit our website!\" \/>\n<meta property=\"og:url\" content=\"https:\/\/www.more4floors.com\/en\/produit\/durastripe-shapes-arrow-heads\/\" \/>\n<meta property=\"og:site_name\" content=\"More4Floors\" \/>\n<meta property=\"article:modified_time\" content=\"2025-03-09T23:05:15+00:00\" \/>\n<meta property=\"og:image\" content=\"https:\/\/www.more4floors.com\/wp-content\/uploads\/2020\/04\/durastripe-X-treme-t\u00eates-de-fl\u00e8ches.png\" \/>\n\t<meta property=\"og:image:width\" content=\"522\" \/>\n\t<meta property=\"og:image:height\" content=\"349\" \/>\n\t<meta property=\"og:image:type\" content=\"image\/png\" \/>\n<meta name=\"twitter:card\" content=\"summary_large_image\" \/>\n<meta name=\"twitter:label1\" content=\"Est. reading time\" \/>\n\t<meta name=\"twitter:data1\" content=\"2 minutes\" \/>\n<script type=\"application\/ld+json\" class=\"yoast-schema-graph\">{\"@context\":\"https:\/\/schema.org\",\"@graph\":[{\"@type\":\"WebPage\",\"@id\":\"https:\/\/www.more4floors.com\/en\/produit\/durastripe-shapes-arrow-heads\/\",\"url\":\"https:\/\/www.more4floors.com\/en\/produit\/durastripe-shapes-arrow-heads\/\",\"name\":\"DuraStripe Shapes Arrow Heads - More4Floors\",\"isPartOf\":{\"@id\":\"https:\/\/www.more4floors.com\/en\/#website\"},\"primaryImageOfPage\":{\"@id\":\"https:\/\/www.more4floors.com\/en\/produit\/durastripe-shapes-arrow-heads\/#primaryimage\"},\"image\":{\"@id\":\"https:\/\/www.more4floors.com\/en\/produit\/durastripe-shapes-arrow-heads\/#primaryimage\"},\"thumbnailUrl\":\"https:\/\/www.more4floors.com\/wp-content\/uploads\/2020\/04\/durastripe-X-treme-t\u00eates-de-fl\u00e8ches.png\",\"datePublished\":\"2020-04-02T21:12:56+00:00\",\"dateModified\":\"2025-03-09T23:05:15+00:00\",\"description\":\"DuraStripe Shapes Arrow Heads are an ideal choice for marking floors and improving operator workflow. Check out their price in our store. Visit our website!\",\"breadcrumb\":{\"@id\":\"https:\/\/www.more4floors.com\/en\/produit\/durastripe-shapes-arrow-heads\/#breadcrumb\"},\"inLanguage\":\"en-CA\",\"potentialAction\":[{\"@type\":\"ReadAction\",\"target\":[\"https:\/\/www.more4floors.com\/en\/produit\/durastripe-shapes-arrow-heads\/\"]}]},{\"@type\":\"ImageObject\",\"inLanguage\":\"en-CA\",\"@id\":\"https:\/\/www.more4floors.com\/en\/produit\/durastripe-shapes-arrow-heads\/#primaryimage\",\"url\":\"https:\/\/www.more4floors.com\/wp-content\/uploads\/2020\/04\/durastripe-X-treme-t\u00eates-de-fl\u00e8ches.png\",\"contentUrl\":\"https:\/\/www.more4floors.com\/wp-content\/uploads\/2020\/04\/durastripe-X-treme-t\u00eates-de-fl\u00e8ches.png\",\"width\":522,\"height\":349,\"caption\":\"durastripe-X-treme-t\u00eates-de-fl\u00e8ches-identifiant 5s\"},{\"@type\":\"BreadcrumbList\",\"@id\":\"https:\/\/www.more4floors.com\/en\/produit\/durastripe-shapes-arrow-heads\/#breadcrumb\",\"itemListElement\":[{\"@type\":\"ListItem\",\"position\":1,\"name\":\"Accueil\",\"item\":\"https:\/\/www.more4floors.com\/en\/\"},{\"@type\":\"ListItem\",\"position\":2,\"name\":\"Products\",\"item\":\"https:\/\/www.more4floors.com\/en\/shop\/\"},{\"@type\":\"ListItem\",\"position\":3,\"name\":\"DuraStripe Shapes Arrow Heads\"}]},{\"@type\":\"WebSite\",\"@id\":\"https:\/\/www.more4floors.com\/en\/#website\",\"url\":\"https:\/\/www.more4floors.com\/en\/\",\"name\":\"More4Floors\",\"description\":\"Plus pour les planchers\",\"publisher\":{\"@id\":\"https:\/\/www.more4floors.com\/en\/#organization\"},\"potentialAction\":[{\"@type\":\"SearchAction\",\"target\":{\"@type\":\"EntryPoint\",\"urlTemplate\":\"https:\/\/www.more4floors.com\/en\/?s={search_term_string}\"},\"query-input\":{\"@type\":\"PropertyValueSpecification\",\"valueRequired\":true,\"valueName\":\"search_term_string\"}}],\"inLanguage\":\"en-CA\"},{\"@type\":\"Organization\",\"@id\":\"https:\/\/www.more4floors.com\/en\/#organization\",\"name\":\"More4Floors\",\"url\":\"https:\/\/www.more4floors.com\/en\/\",\"logo\":{\"@type\":\"ImageObject\",\"inLanguage\":\"en-CA\",\"@id\":\"https:\/\/www.more4floors.com\/en\/#\/schema\/logo\/image\/\",\"url\":\"https:\/\/www.more4floors.com\/wp-content\/uploads\/2020\/02\/cropped-LOGOS-01.png\",\"contentUrl\":\"https:\/\/www.more4floors.com\/wp-content\/uploads\/2020\/02\/cropped-LOGOS-01.png\",\"width\":413,\"height\":63,\"caption\":\"More4Floors\"},\"image\":{\"@id\":\"https:\/\/www.more4floors.com\/en\/#\/schema\/logo\/image\/\"}}]}<\/script>\n<!-- \/ Yoast SEO plugin. -->","yoast_head_json":{"title":"DuraStripe Shapes Arrow Heads - More4Floors","description":"DuraStripe Shapes Arrow Heads are an ideal choice for marking floors and improving operator workflow. Check out their price in our store. Visit our website!","robots":{"index":"index","follow":"follow","max-snippet":"max-snippet:-1","max-image-preview":"max-image-preview:large","max-video-preview":"max-video-preview:-1"},"canonical":"https:\/\/www.more4floors.com\/en\/produit\/durastripe-shapes-arrow-heads\/","og_locale":"en_US","og_type":"article","og_title":"DuraStripe Shapes Arrow Heads - More4Floors","og_description":"DuraStripe Shapes Arrow Heads are an ideal choice for marking floors and improving operator workflow. Check out their price in our store. Visit our website!","og_url":"https:\/\/www.more4floors.com\/en\/produit\/durastripe-shapes-arrow-heads\/","og_site_name":"More4Floors","article_modified_time":"2025-03-09T23:05:15+00:00","og_image":[{"width":522,"height":349,"url":"https:\/\/www.more4floors.com\/wp-content\/uploads\/2020\/04\/durastripe-X-treme-t\u00eates-de-fl\u00e8ches.png","type":"image\/png"}],"twitter_card":"summary_large_image","twitter_misc":{"Est. reading time":"2 minutes"},"schema":{"@context":"https:\/\/schema.org","@graph":[{"@type":"WebPage","@id":"https:\/\/www.more4floors.com\/en\/produit\/durastripe-shapes-arrow-heads\/","url":"https:\/\/www.more4floors.com\/en\/produit\/durastripe-shapes-arrow-heads\/","name":"DuraStripe Shapes Arrow Heads - More4Floors","isPartOf":{"@id":"https:\/\/www.more4floors.com\/en\/#website"},"primaryImageOfPage":{"@id":"https:\/\/www.more4floors.com\/en\/produit\/durastripe-shapes-arrow-heads\/#primaryimage"},"image":{"@id":"https:\/\/www.more4floors.com\/en\/produit\/durastripe-shapes-arrow-heads\/#primaryimage"},"thumbnailUrl":"https:\/\/www.more4floors.com\/wp-content\/uploads\/2020\/04\/durastripe-X-treme-t\u00eates-de-fl\u00e8ches.png","datePublished":"2020-04-02T21:12:56+00:00","dateModified":"2025-03-09T23:05:15+00:00","description":"DuraStripe Shapes Arrow Heads are an ideal choice for marking floors and improving operator workflow. Check out their price in our store. Visit our website!","breadcrumb":{"@id":"https:\/\/www.more4floors.com\/en\/produit\/durastripe-shapes-arrow-heads\/#breadcrumb"},"inLanguage":"en-CA","potentialAction":[{"@type":"ReadAction","target":["https:\/\/www.more4floors.com\/en\/produit\/durastripe-shapes-arrow-heads\/"]}]},{"@type":"ImageObject","inLanguage":"en-CA","@id":"https:\/\/www.more4floors.com\/en\/produit\/durastripe-shapes-arrow-heads\/#primaryimage","url":"https:\/\/www.more4floors.com\/wp-content\/uploads\/2020\/04\/durastripe-X-treme-t\u00eates-de-fl\u00e8ches.png","contentUrl":"https:\/\/www.more4floors.com\/wp-content\/uploads\/2020\/04\/durastripe-X-treme-t\u00eates-de-fl\u00e8ches.png","width":522,"height":349,"caption":"durastripe-X-treme-t\u00eates-de-fl\u00e8ches-identifiant 5s"},{"@type":"BreadcrumbList","@id":"https:\/\/www.more4floors.com\/en\/produit\/durastripe-shapes-arrow-heads\/#breadcrumb","itemListElement":[{"@type":"ListItem","position":1,"name":"Accueil","item":"https:\/\/www.more4floors.com\/en\/"},{"@type":"ListItem","position":2,"name":"Products","item":"https:\/\/www.more4floors.com\/en\/shop\/"},{"@type":"ListItem","position":3,"name":"DuraStripe Shapes Arrow Heads"}]},{"@type":"WebSite","@id":"https:\/\/www.more4floors.com\/en\/#website","url":"https:\/\/www.more4floors.com\/en\/","name":"More4Floors","description":"Plus pour les planchers","publisher":{"@id":"https:\/\/www.more4floors.com\/en\/#organization"},"potentialAction":[{"@type":"SearchAction","target":{"@type":"EntryPoint","urlTemplate":"https:\/\/www.more4floors.com\/en\/?s={search_term_string}"},"query-input":{"@type":"PropertyValueSpecification","valueRequired":true,"valueName":"search_term_string"}}],"inLanguage":"en-CA"},{"@type":"Organization","@id":"https:\/\/www.more4floors.com\/en\/#organization","name":"More4Floors","url":"https:\/\/www.more4floors.com\/en\/","logo":{"@type":"ImageObject","inLanguage":"en-CA","@id":"https:\/\/www.more4floors.com\/en\/#\/schema\/logo\/image\/","url":"https:\/\/www.more4floors.com\/wp-content\/uploads\/2020\/02\/cropped-LOGOS-01.png","contentUrl":"https:\/\/www.more4floors.com\/wp-content\/uploads\/2020\/02\/cropped-LOGOS-01.png","width":413,"height":63,"caption":"More4Floors"},"image":{"@id":"https:\/\/www.more4floors.com\/en\/#\/schema\/logo\/image\/"}}]}},"_links":{"self":[{"href":"https:\/\/www.more4floors.com\/en\/wp-json\/wp\/v2\/product\/1713","targetHints":{"allow":["GET"]}}],"collection":[{"href":"https:\/\/www.more4floors.com\/en\/wp-json\/wp\/v2\/product"}],"about":[{"href":"https:\/\/www.more4floors.com\/en\/wp-json\/wp\/v2\/types\/product"}],"wp:featuredmedia":[{"embeddable":true,"href":"https:\/\/www.more4floors.com\/en\/wp-json\/wp\/v2\/media\/907"}],"wp:attachment":[{"href":"https:\/\/www.more4floors.com\/en\/wp-json\/wp\/v2\/media?parent=1713"}],"wp:term":[{"taxonomy":"product_brand","embeddable":true,"href":"https:\/\/www.more4floors.com\/en\/wp-json\/wp\/v2\/product_brand?post=1713"},{"taxonomy":"product_cat","embeddable":true,"href":"https:\/\/www.more4floors.com\/en\/wp-json\/wp\/v2\/product_cat?post=1713"},{"taxonomy":"product_tag","embeddable":true,"href":"https:\/\/www.more4floors.com\/en\/wp-json\/wp\/v2\/product_tag?post=1713"}],"curies":[{"name":"wp","href":"https:\/\/api.w.org\/{rel}","templated":true}]}}